{"id":120,"date":"2022-01-26T14:26:05","date_gmt":"2022-01-26T14:26:05","guid":{"rendered":"https:\/\/sipentel.cl\/website\/?page_id=120"},"modified":"2024-08-23T20:55:12","modified_gmt":"2024-08-23T20:55:12","slug":"requisitos","status":"publish","type":"page","link":"https:\/\/sipentel.cl\/website\/requisitos\/","title":{"rendered":"Requisitos"},"content":{"rendered":"\n<h4 class=\"wp-block-heading\">Para incorporarte como socio o socia del Sindicato de Ingenieros y Profesionales debes cumplir con los siguientes requisitos:<\/h4>\n\n\n\n<ol class=\"wp-block-list\">\n<li>Estar contratado por Entel S.A., Entel PCS Telecomunicaciones o EntelPhone.<\/li>\n\n\n\n<li>Ser egresado o titulado de carreras de ingenier\u00eda impartidas por Institutos o Universidades reconocidas por el ministerio de educaci\u00f3n y que su duraci\u00f3n sea de al menos 4 a\u00f1os o estar contratado en estamento profesional o superior.<\/li>\n<\/ol>\n\n\n\n<p>Cumplidos los requisitos, puedes realizar proceso de inscripci\u00f3n aqu\u00ed: <a href=\"https:\/\/sipentel.cl\/website\/formulario-de-inscripcion\/\"><strong><em>formulario de inscripci\u00f3n<\/em><\/strong><\/a><\/p>\n\n\n\n<p>Ante cualquier duda escribir a nuestro correo <strong><em>g_sinding@entel.cl<\/em><\/strong>.<\/p>\n","protected":false},"excerpt":{"rendered":"<p>Para incorporarte como socio o socia del Sindicato de Ingenieros y Profesionales debes cumplir con los siguientes requisitos: Cumplidos los requisitos, puedes realizar proceso de inscripci\u00f3n aqu\u00ed: formulario de inscripci\u00f3n Ante cualquier duda escribir a nuestro correo g_sinding@entel.cl.<\/p>\n","protected":false},"author":1,"featured_media":0,"parent":0,"menu_order":0,"comment_status":"closed","ping_status":"closed","template":"","meta":{"footnotes":""},"class_list":["post-120","page","type-page","status-publish","hentry"],"_links":{"self":[{"href":"https:\/\/sipentel.cl\/website\/wp-json\/wp\/v2\/pages\/120","targetHints":{"allow":["GET"]}}],"collection":[{"href":"https:\/\/sipentel.cl\/website\/wp-json\/wp\/v2\/pages"}],"about":[{"href":"https:\/\/sipentel.cl\/website\/wp-json\/wp\/v2\/types\/page"}],"author":[{"embeddable":true,"href":"https:\/\/sipentel.cl\/website\/wp-json\/wp\/v2\/users\/1"}],"replies":[{"embeddable":true,"href":"https:\/\/sipentel.cl\/website\/wp-json\/wp\/v2\/comments?post=120"}],"version-history":[{"count":0,"href":"https:\/\/sipentel.cl\/website\/wp-json\/wp\/v2\/pages\/120\/revisions"}],"wp:attachment":[{"href":"https:\/\/sipentel.cl\/website\/wp-json\/wp\/v2\/media?parent=120"}],"curies":[{"name":"wp","href":"https:\/\/api.w.org\/{rel}","templated":true}]}}