{"id":5,"date":"2022-01-24T22:26:59","date_gmt":"2022-01-24T22:26:59","guid":{"rendered":"https:\/\/sipentel.cl\/website\/?page_id=5"},"modified":"2025-12-15T12:19:03","modified_gmt":"2025-12-15T12:19:03","slug":"resena","status":"publish","type":"page","link":"https:\/\/sipentel.cl\/website\/","title":{"rendered":"Rese\u00f1a"},"content":{"rendered":"\n<h2 class=\"wp-block-heading\" id=\"breve-historia-del-sindicato\">Breve historia del sindicato<\/h2>\n\n\n\n<p>Nuestro sindicato fue fundado en la ciudad de Santiago, el 16 de Septiembre de 1968, y obtuvo personalidad jur\u00eddica el 31 de Diciembre de 1968. Su principal objetivo es fomentar y defender los intereses de sus afiliados, cuya m\u00e1xima autoridad la constituye la asamblea compuesta por todos los socios activos con derecho a voz y voto.<\/p>\n\n\n\n<p>A lo largo de nuestra historia creemos firmemente que hemos representado adecuadamente a nuestros asociados en las diversas instancias de negociaci\u00f3n colectiva, logrando suscribir contratos colectivos que han resultado ser beneficiosos tanto para los afiliados como para la empresa en la cual trabajamos.<\/p>\n\n\n\n<p>Por \u00e9sta y por otras razones te invitamos a formar parte de nuestra organizaci\u00f3n, a ser parte activa de nuestros logros y anhelos, porque estamos convencidos de que juntos construiremos una entidad s\u00f3lida que busque el bienestar de nuestra actividad.<\/p>\n\n\n\n<div style=\"height:30px\" aria-hidden=\"true\" class=\"wp-block-spacer\"><\/div>\n\n\n<div class=\"wp-block-image\">\n<figure class=\"aligncenter size-full\"><a href=\"https:\/\/www.sipentel.cl\/intranet\/login.php?d=e\" target=\"_blank\" rel=\"noreferrer noopener\"><img loading=\"lazy\" decoding=\"async\" width=\"1280\" height=\"150\" src=\"https:\/\/sipentel.cl\/website\/wp-content\/uploads\/2025\/12\/bnr-encuesta-sip.webp\" alt=\"\" class=\"wp-image-892\" srcset=\"https:\/\/sipentel.cl\/website\/wp-content\/uploads\/2025\/12\/bnr-encuesta-sip.webp 1280w, https:\/\/sipentel.cl\/website\/wp-content\/uploads\/2025\/12\/bnr-encuesta-sip-300x35.webp 300w, https:\/\/sipentel.cl\/website\/wp-content\/uploads\/2025\/12\/bnr-encuesta-sip-1024x120.webp 1024w, https:\/\/sipentel.cl\/website\/wp-content\/uploads\/2025\/12\/bnr-encuesta-sip-768x90.webp 768w\" sizes=\"auto, (max-width: 1280px) 100vw, 1280px\" \/><\/a><\/figure>\n<\/div>\n\n\n<div style=\"height:30px\" aria-hidden=\"true\" class=\"wp-block-spacer\"><\/div>\n","protected":false},"excerpt":{"rendered":"<p>Breve historia del sindicato Nuestro sindicato fue fundado en la ciudad de Santiago, el 16 de Septiembre de 1968, y obtuvo personalidad jur\u00eddica el 31 de Diciembre de 1968. Su principal objetivo es fomentar y defender los intereses de sus &hellip; <a href=\"https:\/\/sipentel.cl\/website\/\">Continuar<\/a><\/p>\n","protected":false},"author":1,"featured_media":7,"parent":0,"menu_order":0,"comment_status":"closed","ping_status":"closed","template":"","meta":{"footnotes":""},"class_list":["post-5","page","type-page","status-publish","has-post-thumbnail","hentry"],"_links":{"self":[{"href":"https:\/\/sipentel.cl\/website\/wp-json\/wp\/v2\/pages\/5","targetHints":{"allow":["GET"]}}],"collection":[{"href":"https:\/\/sipentel.cl\/website\/wp-json\/wp\/v2\/pages"}],"about":[{"href":"https:\/\/sipentel.cl\/website\/wp-json\/wp\/v2\/types\/page"}],"author":[{"embeddable":true,"href":"https:\/\/sipentel.cl\/website\/wp-json\/wp\/v2\/users\/1"}],"replies":[{"embeddable":true,"href":"https:\/\/sipentel.cl\/website\/wp-json\/wp\/v2\/comments?post=5"}],"version-history":[{"count":9,"href":"https:\/\/sipentel.cl\/website\/wp-json\/wp\/v2\/pages\/5\/revisions"}],"predecessor-version":[{"id":894,"href":"https:\/\/sipentel.cl\/website\/wp-json\/wp\/v2\/pages\/5\/revisions\/894"}],"wp:featuredmedia":[{"embeddable":true,"href":"https:\/\/sipentel.cl\/website\/wp-json\/wp\/v2\/media\/7"}],"wp:attachment":[{"href":"https:\/\/sipentel.cl\/website\/wp-json\/wp\/v2\/media?parent=5"}],"curies":[{"name":"wp","href":"https:\/\/api.w.org\/{rel}","templated":true}]}}