{"id":64,"date":"2022-01-25T00:26:32","date_gmt":"2022-01-25T00:26:32","guid":{"rendered":"https:\/\/sipentel.cl\/website\/?page_id=64"},"modified":"2022-01-27T00:27:17","modified_gmt":"2022-01-27T00:27:17","slug":"oficinas-regionales","status":"publish","type":"page","link":"https:\/\/sipentel.cl\/website\/oficinas-regionales\/","title":{"rendered":"Oficinas Regionales"},"content":{"rendered":"\n<h2 class=\"wp-block-heading\" id=\"listado-de-delegados-de-nuestro-sindicato\">Listado de delegados de nuestro sindicato<\/h2>\n\n\n\n<p>Compartimos con ustedes la lista de todos nuestros delegados y sus datos de contacto. Si necesitas m\u00e1s informaci\u00f3n te pedimos escribirnos usando el formulario de contacto.<\/p>\n\n\n\n<figure class=\"wp-block-table is-style-regular has-small-font-size\"><table><thead><tr><th>Delegado<\/th><th>Correo<\/th><th>Anexo<\/th><th>Oficina<\/th><th>Direcci\u00f3n<\/th><\/tr><\/thead><tbody><tr><td>Alvarez Barraza Diego Hernaldo<\/td><td>dalvarez@entel.cl<\/td><td>34391<\/td><td>Antofagasta<\/td><td>Carlos Condell 2142, Antofagasta<\/td><\/tr><tr><td>Aravena Ojeda Viviana Valeria<\/td><td>voaravena@entel.cl<\/td><td>32609<\/td><td>Coyhaique<\/td><td>Bolivar 240 Coyhaique<\/td><\/tr><tr><td>Camacho Osorio Patricio Alejandro<\/td><td>pcamacho@entel.cl<\/td><td>34458<\/td><td>Calama<\/td><td>Hurtado de Mendoza 2139, Calama<\/td><\/tr><tr><td>Celis Gavil\u00e1n Luis Abner<\/td><td>lcelis@entel.cl<\/td><td>37751<\/td><td>Valdivia<\/td><td>P\u00e9rez Rosales 734, Valdivia<\/td><\/tr><tr><td>Cordova Y\u00e1\u00f1ez Jose Luis<\/td><td>jycordova@entel.cl<\/td><td>33703<\/td><td>Curic\u00f3<\/td><td>Pe\u00f1a 660, Curic\u00f3<\/td><\/tr><tr><td>Cruz Jofre Luis Enrique<\/td><td>lcruz@entel.cl<\/td><td>32967<\/td><td>Rancagua<\/td><td>O&#8217;Carrol 1030, Rancagua<\/td><\/tr><tr><td>Luis Alvarado Andrades S\u00e1nchez<\/td><td>aandrade@entel.cl<\/td><td>30401<\/td><td>Los Andes<\/td><td>Independencia 352<\/td><\/tr><tr><td>G\u00f3mez de la Torre Flavio Renato<\/td><td>fgomez@entel.cl<\/td><td>34468<\/td><td>Temuco<\/td><td>Lautaro 1051, Temuco<\/td><\/tr><tr><td>Gonz\u00e1lez Silva Andr\u00e9s Eudaldo<\/td><td>aegonzalez@entel.cl<\/td><td>37793<\/td><td>Castro<\/td><td>O&#8217;Higgins 677, Castro<\/td><\/tr><tr><td>Carlos Alvarez Avenda\u00f1o<\/td><td>cmalvarez@entel.cl<\/td><td>37751<\/td><td>Talca<\/td><td>4 Sur 1177, Talca<\/td><\/tr><tr><td>Jarpa Barria Jorge Iv\u00e1n<\/td><td>jjarpa@entel.cl<\/td><td>39444<\/td><td>Punta Arenas<\/td><td>Lautaro Navarro 931 Punta Arenas<\/td><\/tr><tr><td>Padilla Salazar Omar Orlando<\/td><td>opadilla@entel.cl<\/td><td>35935<\/td><td>Iquique<\/td><td>Gorostiaga 287, Iquique<\/td><\/tr><tr><td>Paredes Uribe Cesar Enrique<\/td><td>cparedes@entel.cl<\/td><td>37766<\/td><td>Osorno<\/td><td>Francisco Bilbao 975, Osorno<\/td><\/tr><tr><td>P\u00e9rez Z\u00fa\u00f1iga Iv\u00e1n Miguel<\/td><td>iperez@entel.cl<\/td><td>30585<\/td><td>Arica<\/td><td>Avda. Loa 1474<\/td><\/tr><tr><td>Pinilla Cid Nelson Evangelista<\/td><td>npinilla@entel.cl<\/td><td>37574<\/td><td>Los \u00c1ngeles<\/td><td>Caupolic\u00e1n 353, Oficina Los Angeles<\/td><\/tr><tr><td>Rebolledo Parra Omar Andr\u00e9s<\/td><td>orebolledo@entel.cl<\/td><td>31828<\/td><td>Chill\u00e1n<\/td><td>18 de Septiembre 746, Chill\u00e1n<\/td><\/tr><tr><td>Tabilo Araya John Christian<\/td><td>jtabilo@entel.cl<\/td><td>39581<\/td><td>Copiap\u00f3<\/td><td>Colipi 675, Copiap\u00f3<\/td><\/tr><tr><td>Tapia Araya Nestor Claudio<\/td><td>ntapia@entel.cl<\/td><td>37122<\/td><td>La Serena<\/td><td>Colo Colo 2850, La Serena<\/td><\/tr><tr><td>Valenzuela Henr\u00edquez Daniel Humberto<\/td><td>dvalenzuela@entel.cl<\/td><td>37781<\/td><td>Puerto Montt<\/td><td>Eleuterio Ramirez 948, Puerto Montt<\/td><\/tr><tr><td>Vega Veas Rafael Gonzalo<\/td><td>rvega@entel.cl<\/td><td>34596<\/td><td>Longovilo<\/td><td>Comuna San Pedro, Longovilo<\/td><\/tr><tr><td>Videla S\u00e1nchez Nestor Javier<\/td><td>nvidela@entel.cl<\/td><td>30356<\/td><td>Valpara\u00edso<\/td><td>Errazuriz 1808, Valpara\u00edso<\/td><\/tr><tr><td>Vigouroux Brzovic Francisco Javier<\/td><td>fvigouroux@entel.cl<\/td><td>39917<\/td><td>Isla De Pascua<\/td><td>Oho Vehi s\/n, Isla de Pascua<\/td><\/tr><tr><td>Y\u00e1\u00f1ez O\u00f1ate Jorge Iv\u00e1n<\/td><td>joyanez@entel.cl<\/td><td>37567<\/td><td>Concepci\u00f3n<\/td><td>Anibal Pinto 982 Concepci\u00f3n<\/td><\/tr><\/tbody><\/table><\/figure>\n\n\n\n<p><\/p>\n","protected":false},"excerpt":{"rendered":"<p>Listado de delegados de nuestro sindicato Compartimos con ustedes la lista de todos nuestros delegados y sus datos de contacto. Si necesitas m\u00e1s informaci\u00f3n te pedimos escribirnos usando el formulario de contacto. Delegado Correo Anexo Oficina Direcci\u00f3n Alvarez Barraza Diego &hellip; <a href=\"https:\/\/sipentel.cl\/website\/oficinas-regionales\/\">Continuar<\/a><\/p>\n","protected":false},"author":1,"featured_media":0,"parent":0,"menu_order":0,"comment_status":"closed","ping_status":"closed","template":"","meta":{"footnotes":""},"class_list":["post-64","page","type-page","status-publish","hentry"],"_links":{"self":[{"href":"https:\/\/sipentel.cl\/website\/wp-json\/wp\/v2\/pages\/64","targetHints":{"allow":["GET"]}}],"collection":[{"href":"https:\/\/sipentel.cl\/website\/wp-json\/wp\/v2\/pages"}],"about":[{"href":"https:\/\/sipentel.cl\/website\/wp-json\/wp\/v2\/types\/page"}],"author":[{"embeddable":true,"href":"https:\/\/sipentel.cl\/website\/wp-json\/wp\/v2\/users\/1"}],"replies":[{"embeddable":true,"href":"https:\/\/sipentel.cl\/website\/wp-json\/wp\/v2\/comments?post=64"}],"version-history":[{"count":0,"href":"https:\/\/sipentel.cl\/website\/wp-json\/wp\/v2\/pages\/64\/revisions"}],"wp:attachment":[{"href":"https:\/\/sipentel.cl\/website\/wp-json\/wp\/v2\/media?parent=64"}],"curies":[{"name":"wp","href":"https:\/\/api.w.org\/{rel}","templated":true}]}}